{"id":2,"date":"2020-04-19T05:06:31","date_gmt":"2020-04-19T05:06:31","guid":{"rendered":"https:\/\/philipo.ch\/?page_id=2"},"modified":"2020-10-19T18:53:35","modified_gmt":"2020-10-19T18:53:35","slug":"sample-page","status":"publish","type":"page","link":"https:\/\/philipo.ch\/","title":{"rendered":"Startseite"},"content":{"rendered":"\n<div class=\"wp-block-group\"><div class=\"wp-block-group__inner-container is-layout-flow wp-block-group-is-layout-flow\">\n<div class=\"wp-block-jetpack-tiled-gallery aligncenter is-style-square has-rounded-corners-10\"><div class=\"tiled-gallery__gallery\"><div class=\"tiled-gallery__row columns-1\"><div class=\"tiled-gallery__col\"><figure class=\"tiled-gallery__item\"><img decoding=\"async\" srcset=\"https:\/\/i1.wp.com\/philipo.ch\/wp-content\/uploads\/2020\/04\/Bilder_Segeln-096-scaled-e1587276488457.jpg?resize=600%2C600&#038;strip=info&#038;ssl=1 600w,https:\/\/i1.wp.com\/philipo.ch\/wp-content\/uploads\/2020\/04\/Bilder_Segeln-096-scaled-e1587276488457.jpg?resize=900%2C900&#038;strip=info&#038;ssl=1 900w,https:\/\/i1.wp.com\/philipo.ch\/wp-content\/uploads\/2020\/04\/Bilder_Segeln-096-scaled-e1587276488457.jpg?resize=1200%2C1200&#038;strip=info&#038;ssl=1 1200w,https:\/\/i1.wp.com\/philipo.ch\/wp-content\/uploads\/2020\/04\/Bilder_Segeln-096-scaled-e1587276488457.jpg?resize=1500%2C1500&#038;strip=info&#038;ssl=1 1500w,https:\/\/i1.wp.com\/philipo.ch\/wp-content\/uploads\/2020\/04\/Bilder_Segeln-096-scaled-e1587276488457.jpg?resize=1800%2C1800&#038;strip=info&#038;ssl=1 1800w,https:\/\/i1.wp.com\/philipo.ch\/wp-content\/uploads\/2020\/04\/Bilder_Segeln-096-scaled-e1587276488457.jpg?resize=1920%2C1920&#038;strip=info&#038;ssl=1 1920w\" alt=\"\" data-height=\"1920\" data-id=\"16\" data-link=\"https:\/\/philipo.ch\/?attachment_id=16\" data-url=\"https:\/\/philipo.ch\/wp-content\/uploads\/2020\/04\/Bilder_Segeln-096-scaled-e1587276488457.jpg\" data-width=\"2560\" src=\"https:\/\/i1.wp.com\/philipo.ch\/wp-content\/uploads\/2020\/04\/Bilder_Segeln-096-scaled-e1587276488457.jpg?ssl=1&amp;resize=1920%2C1920\" layout=\"responsive\"\/><\/figure><\/div><\/div><\/div><\/div>\n<\/div><\/div>\n\n\n\n<p>Lebensbild &#8211; Helmut<\/p>\n\n\n\n<p>Der Kreislauf des Lebens begann f\u00fcr Helmut am 4. Dezember 1932 &#8211; drei Monate zu fr\u00fch. Da die Medizintechnik noch nicht so weit war, hielt ihn meistens die Grossmutter an ihrem K\u00f6rper oder zwischen Ziegelsteinen warm.<\/p>\n\n\n\n<p>Zusammen mit seinen Geschwistern Renate und Friedhelm bildete er ein Dreigespann, das seine Eltern hin und wieder herausforderte.<\/p>\n\n\n\n<p>Er war ein blondgelockter, lebensfroher Knirps der sein Taschengeld in der Kegelbahn mit aufstellen der Kegel aufbesserte. Das brachte ihm jedes Mal 10 Pfennige ein.<\/p>\n\n\n\n<p>Der 2. Weltkrieg begann als er sieben Jahre alt war. Auf dem H\u00f6hepunkt des Krieges wurde Helmut mit anderen Kindern nach Rohr im Gebirge in \u00d6sterreich geschickt, um den Bombardierungen zu entrinnen.<\/p>\n\n\n\n<p>Wieder zuhause machte er das Kanufahren zu seinem Hobby und nahm an Meisterschaften teil. Er war auch Trainer einer M\u00e4dchengruppe.<\/p>\n\n\n\n<p>Mit 16 stand die Berufswahl an. Gerne h\u00e4tte er Schreiner gelernt. Lehrstellen waren zu dieser Zeit aber Mangelware, darum hielt ihm sein Vater eine Lehre als Schlosser im selben Betrieb zu.<\/p>\n\n\n\n<p>Nach seiner Lehre drohte der Einzug ins Milit\u00e4r. Mit 24 setzte er darum der \u00abMaloche\u00bb im Schlossereibetrieb ein Ende. Die Liebe zu den Bergen und das Stellenangebot bei BBC in Baden &#8211; mit guten Gehaltsaussichten \u2013 erleichterten den Entschluss, sein Gl\u00fcck in der Schweiz zu versuchen.<\/p>\n\n\n\n<p>Nun, als Gastarbeiter, wohnte er mit anderen in einer Baracke in Baden, die &#8211; falls junge Frauen nach dem Wohnort fragen sollten &#8211; alle das \u00abSporthotel Brisgi\u00bb nannten \u2026<\/p>\n\n\n\n<p>Er traf dort sofort auf Menschen, die seine Freunde wurden und stand mit ihnen bis heute in Kontakt.<\/p>\n\n\n\n<p>Von Baden \u00fcber Genf &#8211; drei Monate versuchte er sich dort als Kunstmaler-, Basel und Z\u00fcrich probierte er verschiedene Jobs aus, fand seine Bestimmung vorerst aber noch nicht.<\/p>\n\n\n\n<p>In Schlieren wurde er im November 1963 schliesslich sesshaft. Dort trat er auch dem M\u00e4nnerchor Hochwacht bei.<\/p>\n\n\n\n<p>Beim Blumen kaufen f\u00fcr eine Freundin traf er Elsa, die im Blumenladen arbeitete. Von da an, kaufte er sehr oft Blumen ein. Elsa merkte jedoch l\u00e4nger nicht, dass er nur wegen ihr im Laden war.<\/p>\n\n\n\n<p>1967 wagten sie zusammen den grossen Schritt in die gemeinsame Zukunft in Richterswil. Die drei S\u00f6hne Stephan, Ralph und Philipp kr\u00f6nten ihre Liebe.<\/p>\n\n\n\n<p>Drei Jahre sp\u00e4ter folgte dann der Umzug nach Z\u00fcrich ins Deutsche Generalkonsulat an der Kirchgasse, wo er fortan arbeitete.<\/p>\n\n\n\n<p>Helmut verstand sich mit den Leuten im Hause. Er pflegte eine diplomatische Lebenshaltung. Diese kam sowohl bei den Nachbarn, Passanten an der Kirchgasse und auch bei Vorkommnissen mit seinen Kindern zum Tragen.<\/p>\n\n\n\n<p>Er liebte das Reisen. Wir waren als Familie viel unterwegs. Er machte ausserdem mit jedem seiner S\u00f6hne eine Vater-Sohn Reise: mit Philipp per Eisenbahn ins Wallis, mit Ralph mit dem Fischerboot auf dem Rhein nach Frankreich und mit Stephan auf dem Fahrrad durch den Jura.<\/p>\n\n\n\n<p>Er war gl\u00fccklich, als er in der N\u00e4he der Kirchgasse ein kleines Atelier mieten konnte, welches er zum Entspannen und Malen nutzte. Zwei Ausstellungen im Altstadthaus Z\u00fcrich kr\u00f6nten sein Wirken. Wir genossen auch manchen Sonntagsbrunch dort.<\/p>\n\n\n\n<p>Das Segeln auf dem Meer war eine seiner anderen Leidenschaften. Der Erwerb des Hochseescheines zusammen mit seinem Sohn Ralph war sicher einer der H\u00f6hepunkte. Mit seinem Schwager Peter besegelte er mehrmals das Mittelmeer.<\/p>\n\n\n\n<p>Nach 25 Jahren Arbeit im Konsulat &#8211; die Jungen auf positiven Weg in ihre Zukunft wissend- zogen Helmut und Elsa nach seiner Pensionierung 1997 an den Neumarkt.<\/p>\n\n\n\n<p>Er wollte aber nicht ruhen. Auf sanftes Dr\u00e4ngen von Verena half er 10 Jahre beim Mittagstisch f\u00fcr die Kinder mit Marina und Barbara im Altstadthaus mit.<\/p>\n\n\n\n<p>Als sich der M\u00e4nnerchor Hochwacht 2003 aufl\u00f6ste, trat er umgehend dem M\u00e4nnerchor H\u00f6ngg bei. Als Veteran feierte er letztes Jahr beim Chorverband Z\u00fcrichsee sein 55-igstes S\u00e4nger-Jubil\u00e4um. Regelm\u00e4ssig besuchte er die Proben. Viele Konzerte und Chorreisen nach Brasilien, Lissabon und ins S\u00fcdtirol hielten Helmut und Elsa auf Trab. Mit seinem besten Freund und S\u00e4ngerkollegen S\u00e4mi verbrachte er regelm\u00e4ssig viel Zeit mit Malen, Diskutieren und ab und an einem Gl\u00e4schen Rotwein.<\/p>\n\n\n\n<p>Die zwei Enkelkinder Fabian und Lisa bereicherten sein Leben zus\u00e4tzlich. Er besuchte die meisten Geburtstagsfeiern, Schulabschl\u00fcsse, Fussballturniere und Turnauff\u00fchrungen.<\/p>\n\n\n\n<p>Zusammen mit Elsa bereiste er die T\u00fcrkei und er besuchte viele Freunde und Verwandte in Brasilien, Deutschland und in der Schweiz. Ebenso empfingen sie gerne G\u00e4ste bei sich zu Hause am Neumarkt.<\/p>\n\n\n\n<p>Der Wunsch nach einer letzten Segelreise konnte 2015 zusammen mit Stephans Familie in Griechenland erf\u00fcllt werden.<\/p>\n\n\n\n<p>Ende letzten Jahres erfuhr er von seiner schweren Krankheit. Die darauffolgenden Behandlungen und Klinikaufenthalte schw\u00e4chten ihn zusehends.<\/p>\n\n\n\n<p>Im Mai durfte die Familie noch einmal vier wundersch\u00f6ne, gemeinsame Tage auf einem Hausboot in Frankreich verbringen.<\/p>\n\n\n\n<p>\u00dcbergl\u00fccklich und mit grosser Freude erfuhr er im Sommer von seinem dritten Enkelkind, welches im Dezember erwartet wird.<\/p>\n\n\n\n<p>Anfangs Oktober begab er sich f\u00fcr eine weitere Behandlung ins Spital. Von dieser sollte er sich leider nicht mehr erholen.<\/p>\n\n\n\n<p>Der Kreislauf des Lebens schloss sich im Beisein von Elsa am Morgen des 21. Oktober 2019.<\/p>\n\n\n\n<p>Wir werden dich nie vergessen!<\/p>\n","protected":false},"excerpt":{"rendered":"<p>Lebensbild &#8211; Helmut Der Kreislauf des Lebens begann f\u00fcr Helmut am 4. Dezember 1932 &#8211; drei Monate zu fr\u00fch. Da die Medizintechnik noch nicht so weit war, hielt ihn meistens die Grossmutter an ihrem K\u00f6rper oder zwischen Ziegelsteinen warm. Zusammen mit seinen Geschwistern Renate und Friedhelm bildete er ein Dreigespann, das seine Eltern hin und &hellip; <\/p>\n<p class=\"link-more\"><a href=\"https:\/\/philipo.ch\/\" class=\"more-link\"><span class=\"screen-reader-text\">&#171;Startseite&#187;<\/span> weiterlesen<\/a><\/p>\n","protected":false},"author":1,"featured_media":0,"parent":0,"menu_order":0,"comment_status":"closed","ping_status":"closed","template":"","meta":{"footnotes":""},"class_list":["post-2","page","type-page","status-publish","hentry"],"yoast_head":"<!-- This site is optimized with the Yoast SEO plugin v26.5 - https:\/\/yoast.com\/wordpress\/plugins\/seo\/ -->\n<title>Startseite - Helmut Philipp M\u00fcller<\/title>\n<meta name=\"robots\" content=\"index, follow, max-snippet:-1, max-image-preview:large, max-video-preview:-1\" \/>\n<link rel=\"canonical\" href=\"https:\/\/philipo.ch\/\" \/>\n<meta property=\"og:locale\" content=\"de_DE\" \/>\n<meta property=\"og:type\" content=\"article\" \/>\n<meta property=\"og:title\" content=\"Startseite - Helmut Philipp M\u00fcller\" \/>\n<meta property=\"og:description\" content=\"Lebensbild &#8211; Helmut Der Kreislauf des Lebens begann f\u00fcr Helmut am 4. Dezember 1932 &#8211; drei Monate zu fr\u00fch. Da die Medizintechnik noch nicht so weit war, hielt ihn meistens die Grossmutter an ihrem K\u00f6rper oder zwischen Ziegelsteinen warm. Zusammen mit seinen Geschwistern Renate und Friedhelm bildete er ein Dreigespann, das seine Eltern hin und &hellip; &quot;Startseite&quot; weiterlesen\" \/>\n<meta property=\"og:url\" content=\"https:\/\/philipo.ch\/\" \/>\n<meta property=\"og:site_name\" content=\"Helmut Philipp M\u00fcller\" \/>\n<meta property=\"article:modified_time\" content=\"2020-10-19T18:53:35+00:00\" \/>\n<meta property=\"og:image\" content=\"https:\/\/i1.wp.com\/philipo.ch\/wp-content\/uploads\/2020\/04\/Bilder_Segeln-096-scaled-e1587276488457.jpg?ssl=1&amp;resize=1920%2C1920\" \/>\n<meta name=\"twitter:card\" content=\"summary_large_image\" \/>\n<meta name=\"twitter:label1\" content=\"Gesch\u00e4tzte Lesezeit\" \/>\n\t<meta name=\"twitter:data1\" content=\"4\u00a0Minuten\" \/>\n<script type=\"application\/ld+json\" class=\"yoast-schema-graph\">{\"@context\":\"https:\/\/schema.org\",\"@graph\":[{\"@type\":\"WebPage\",\"@id\":\"https:\/\/philipo.ch\/\",\"url\":\"https:\/\/philipo.ch\/\",\"name\":\"Startseite - Helmut Philipp M\u00fcller\",\"isPartOf\":{\"@id\":\"https:\/\/philipo.ch\/#website\"},\"primaryImageOfPage\":{\"@id\":\"https:\/\/philipo.ch\/#primaryimage\"},\"image\":{\"@id\":\"https:\/\/philipo.ch\/#primaryimage\"},\"thumbnailUrl\":\"https:\/\/i1.wp.com\/philipo.ch\/wp-content\/uploads\/2020\/04\/Bilder_Segeln-096-scaled-e1587276488457.jpg?ssl=1&amp;resize=1920%2C1920\",\"datePublished\":\"2020-04-19T05:06:31+00:00\",\"dateModified\":\"2020-10-19T18:53:35+00:00\",\"breadcrumb\":{\"@id\":\"https:\/\/philipo.ch\/#breadcrumb\"},\"inLanguage\":\"de-CH\",\"potentialAction\":[{\"@type\":\"ReadAction\",\"target\":[\"https:\/\/philipo.ch\/\"]}]},{\"@type\":\"ImageObject\",\"inLanguage\":\"de-CH\",\"@id\":\"https:\/\/philipo.ch\/#primaryimage\",\"url\":\"https:\/\/i1.wp.com\/philipo.ch\/wp-content\/uploads\/2020\/04\/Bilder_Segeln-096-scaled-e1587276488457.jpg?ssl=1&amp;resize=1920%2C1920\",\"contentUrl\":\"https:\/\/i1.wp.com\/philipo.ch\/wp-content\/uploads\/2020\/04\/Bilder_Segeln-096-scaled-e1587276488457.jpg?ssl=1&amp;resize=1920%2C1920\"},{\"@type\":\"BreadcrumbList\",\"@id\":\"https:\/\/philipo.ch\/#breadcrumb\",\"itemListElement\":[{\"@type\":\"ListItem\",\"position\":1,\"name\":\"Home\",\"item\":\"https:\/\/philipo.ch\/\"},{\"@type\":\"ListItem\",\"position\":2,\"name\":\"Startseite\"}]},{\"@type\":\"WebSite\",\"@id\":\"https:\/\/philipo.ch\/#website\",\"url\":\"https:\/\/philipo.ch\/\",\"name\":\"Helmut Philipp M\u00fcller\",\"description\":\"4. Dezember 1932 - 21. Oktober 2019\",\"potentialAction\":[{\"@type\":\"SearchAction\",\"target\":{\"@type\":\"EntryPoint\",\"urlTemplate\":\"https:\/\/philipo.ch\/?s={search_term_string}\"},\"query-input\":{\"@type\":\"PropertyValueSpecification\",\"valueRequired\":true,\"valueName\":\"search_term_string\"}}],\"inLanguage\":\"de-CH\"}]}<\/script>\n<!-- \/ Yoast SEO plugin. -->","yoast_head_json":{"title":"Startseite - Helmut Philipp M\u00fcller","robots":{"index":"index","follow":"follow","max-snippet":"max-snippet:-1","max-image-preview":"max-image-preview:large","max-video-preview":"max-video-preview:-1"},"canonical":"https:\/\/philipo.ch\/","og_locale":"de_DE","og_type":"article","og_title":"Startseite - Helmut Philipp M\u00fcller","og_description":"Lebensbild &#8211; Helmut Der Kreislauf des Lebens begann f\u00fcr Helmut am 4. Dezember 1932 &#8211; drei Monate zu fr\u00fch. Da die Medizintechnik noch nicht so weit war, hielt ihn meistens die Grossmutter an ihrem K\u00f6rper oder zwischen Ziegelsteinen warm. Zusammen mit seinen Geschwistern Renate und Friedhelm bildete er ein Dreigespann, das seine Eltern hin und &hellip; \"Startseite\" weiterlesen","og_url":"https:\/\/philipo.ch\/","og_site_name":"Helmut Philipp M\u00fcller","article_modified_time":"2020-10-19T18:53:35+00:00","og_image":[{"url":"https:\/\/i1.wp.com\/philipo.ch\/wp-content\/uploads\/2020\/04\/Bilder_Segeln-096-scaled-e1587276488457.jpg?ssl=1&amp;resize=1920%2C1920","type":"","width":"","height":""}],"twitter_card":"summary_large_image","twitter_misc":{"Gesch\u00e4tzte Lesezeit":"4\u00a0Minuten"},"schema":{"@context":"https:\/\/schema.org","@graph":[{"@type":"WebPage","@id":"https:\/\/philipo.ch\/","url":"https:\/\/philipo.ch\/","name":"Startseite - Helmut Philipp M\u00fcller","isPartOf":{"@id":"https:\/\/philipo.ch\/#website"},"primaryImageOfPage":{"@id":"https:\/\/philipo.ch\/#primaryimage"},"image":{"@id":"https:\/\/philipo.ch\/#primaryimage"},"thumbnailUrl":"https:\/\/i1.wp.com\/philipo.ch\/wp-content\/uploads\/2020\/04\/Bilder_Segeln-096-scaled-e1587276488457.jpg?ssl=1&amp;resize=1920%2C1920","datePublished":"2020-04-19T05:06:31+00:00","dateModified":"2020-10-19T18:53:35+00:00","breadcrumb":{"@id":"https:\/\/philipo.ch\/#breadcrumb"},"inLanguage":"de-CH","potentialAction":[{"@type":"ReadAction","target":["https:\/\/philipo.ch\/"]}]},{"@type":"ImageObject","inLanguage":"de-CH","@id":"https:\/\/philipo.ch\/#primaryimage","url":"https:\/\/i1.wp.com\/philipo.ch\/wp-content\/uploads\/2020\/04\/Bilder_Segeln-096-scaled-e1587276488457.jpg?ssl=1&amp;resize=1920%2C1920","contentUrl":"https:\/\/i1.wp.com\/philipo.ch\/wp-content\/uploads\/2020\/04\/Bilder_Segeln-096-scaled-e1587276488457.jpg?ssl=1&amp;resize=1920%2C1920"},{"@type":"BreadcrumbList","@id":"https:\/\/philipo.ch\/#breadcrumb","itemListElement":[{"@type":"ListItem","position":1,"name":"Home","item":"https:\/\/philipo.ch\/"},{"@type":"ListItem","position":2,"name":"Startseite"}]},{"@type":"WebSite","@id":"https:\/\/philipo.ch\/#website","url":"https:\/\/philipo.ch\/","name":"Helmut Philipp M\u00fcller","description":"4. Dezember 1932 - 21. Oktober 2019","potentialAction":[{"@type":"SearchAction","target":{"@type":"EntryPoint","urlTemplate":"https:\/\/philipo.ch\/?s={search_term_string}"},"query-input":{"@type":"PropertyValueSpecification","valueRequired":true,"valueName":"search_term_string"}}],"inLanguage":"de-CH"}]}},"jetpack_sharing_enabled":true,"_links":{"self":[{"href":"https:\/\/philipo.ch\/index.php?rest_route=\/wp\/v2\/pages\/2","targetHints":{"allow":["GET"]}}],"collection":[{"href":"https:\/\/philipo.ch\/index.php?rest_route=\/wp\/v2\/pages"}],"about":[{"href":"https:\/\/philipo.ch\/index.php?rest_route=\/wp\/v2\/types\/page"}],"author":[{"embeddable":true,"href":"https:\/\/philipo.ch\/index.php?rest_route=\/wp\/v2\/users\/1"}],"replies":[{"embeddable":true,"href":"https:\/\/philipo.ch\/index.php?rest_route=%2Fwp%2Fv2%2Fcomments&post=2"}],"version-history":[{"count":5,"href":"https:\/\/philipo.ch\/index.php?rest_route=\/wp\/v2\/pages\/2\/revisions"}],"predecessor-version":[{"id":40,"href":"https:\/\/philipo.ch\/index.php?rest_route=\/wp\/v2\/pages\/2\/revisions\/40"}],"wp:attachment":[{"href":"https:\/\/philipo.ch\/index.php?rest_route=%2Fwp%2Fv2%2Fmedia&parent=2"}],"curies":[{"name":"wp","href":"https:\/\/api.w.org\/{rel}","templated":true}]}}